{"id":1903,"date":"2024-07-17T16:42:49","date_gmt":"2024-07-17T14:42:49","guid":{"rendered":"https:\/\/staging.enzicas.com\/politica-privacidad\/"},"modified":"2024-07-22T13:40:02","modified_gmt":"2024-07-22T11:40:02","slug":"privacy-policy","status":"publish","type":"page","link":"https:\/\/staging.enzicas.com\/en\/privacy-policy\/","title":{"rendered":"Privacy Policy"},"content":{"rendered":"\t\t<div data-elementor-type=\"wp-page\" data-elementor-id=\"1903\" class=\"elementor elementor-1903 elementor-802\">\n\t\t\t\t<div class=\"elementor-element elementor-element-9b077e4 e-flex e-con-boxed e-con e-parent\" data-id=\"9b077e4\" data-element_type=\"container\">\n\t\t\t\t\t<div class=\"e-con-inner\">\n\t\t\t\t<div class=\"elementor-element elementor-element-69225bd elementor-widget elementor-widget-heading\" data-id=\"69225bd\" data-element_type=\"widget\" data-widget_type=\"heading.default\">\n\t\t\t\t<div class=\"elementor-widget-container\">\n\t\t\t<style>\/*! elementor - v3.23.0 - 15-07-2024 *\/\n.elementor-heading-title{padding:0;margin:0;line-height:1}.elementor-widget-heading .elementor-heading-title[class*=elementor-size-]>a{color:inherit;font-size:inherit;line-height:inherit}.elementor-widget-heading .elementor-heading-title.elementor-size-small{font-size:15px}.elementor-widget-heading .elementor-heading-title.elementor-size-medium{font-size:19px}.elementor-widget-heading .elementor-heading-title.elementor-size-large{font-size:29px}.elementor-widget-heading .elementor-heading-title.elementor-size-xl{font-size:39px}.elementor-widget-heading .elementor-heading-title.elementor-size-xxl{font-size:59px}<\/style><h1 class=\"elementor-heading-title elementor-size-default\">PRIVACY POLICY<\/h1>\t\t<\/div>\n\t\t\t\t<\/div>\n\t\t\t\t<div class=\"elementor-element elementor-element-020168b elementor-widget elementor-widget-text-editor\" data-id=\"020168b\" data-element_type=\"widget\" data-widget_type=\"text-editor.default\">\n\t\t\t\t<div class=\"elementor-widget-container\">\n\t\t\t<style>\/*! elementor - v3.23.0 - 15-07-2024 *\/\n.elementor-widget-text-editor.elementor-drop-cap-view-stacked .elementor-drop-cap{background-color:#69727d;color:#fff}.elementor-widget-text-editor.elementor-drop-cap-view-framed .elementor-drop-cap{color:#69727d;border:3px solid;background-color:transparent}.elementor-widget-text-editor:not(.elementor-drop-cap-view-default) .elementor-drop-cap{margin-top:8px}.elementor-widget-text-editor:not(.elementor-drop-cap-view-default) .elementor-drop-cap-letter{width:1em;height:1em}.elementor-widget-text-editor .elementor-drop-cap{float:left;text-align:center;line-height:1;font-size:50px}.elementor-widget-text-editor .elementor-drop-cap-letter{display:inline-block}<\/style>\t\t\t\t<p>Through this website no personal data is collected from users without their knowledge, nor is it transferred to third parties.<\/p><p>The www.enzicas.com website may contain links to third party websites, whose privacy policies are unrelated to that of www.enzicas.com. By accessing such websites, the user can decide whether to accept their privacy and cookie policies. In general, if you browse the Internet you can accept or reject third party cookies from the configuration options of your browser.<\/p><p>The following is the basic information:<\/p><h2>Responsible for the treatment<\/h2><p>The personal data that may be collected directly from the user will be treated confidentially and will be incorporated into the corresponding processing activity owned by Name of the owner of the website.<\/p><h2>Purpose of the treatment<\/h2><p>The purpose of the website is to inform about products and services related to its business activity. The user expressly consents to the processing of his\/her personal data for the purpose of sending commercial information by electronic means (for example: e-mail, social networks, etc.).<\/p><h2>Legitimacy of the treatment<\/h2><p>The processing of your data is carried out for the fulfillment of the contractual relationship between the registered user and the owner of this website, as well as when the purpose of the processing requires your consent, for which the corresponding forms have been enabled, which will have to be provided by a clear affirmative action (For example, by accepting the box corresponding to the privacy policy).<\/p><h2>Data Retention<\/h2><p>The personal data provided by users, either through the contact forms or through user registration on the website, will be kept for the time necessary to fulfill the purpose for which they are collected and to determine the possible responsibilities that may arise from the purpose, in addition to the periods established in the archiving and documentation regulations.<\/p><h2>Communication of data<\/h2><p>In general, personal data will not be communicated to third parties, unless legally obliged to do so.<\/p><h2>Data processing of minors<\/h2><p>Persons over 16 years of age may validly consent to the processing of their personal data through this website.<\/p><p>The processing of data of persons under 16 years of age will require the consent of their parents or legal guardians, which must be stated in the contact forms.<\/p><h2>Rights of the interested parties<\/h2><p>You can exercise your rights of access, rectification, deletion, opposition and limitation of processing and portability of your data, as well as not to be subject to decisions based solely on the automated processing of your data, where appropriate, before the Spanish Data Protection Agency, by mail at the address of the company or at the email address.<\/p>\t\t\t\t\t\t<\/div>\n\t\t\t\t<\/div>\n\t\t\t\t\t<\/div>\n\t\t\t\t<\/div>\n\t\t\t\t<\/div>\n\t\t","protected":false},"excerpt":{"rendered":"<div class=\"entry-summary\">\nPol\u00edtica de privacidad A trav\u00e9s de esta p\u00e1gina web no se recaban datos de car\u00e1cter personal de los usuarios sin su conocimiento, ni se ceden a terceros. La p\u00e1gina web www.enzicas.com puede contener enlaces a sitios web de terceros, cuyas&hellip;\n<\/div>\n<div class=\"link-more\"><a href=\"https:\/\/staging.enzicas.com\/en\/privacy-policy\/\" class=\"more-link\">Continue reading<span class=\"screen-reader-text\"> &ldquo;Privacy Policy&rdquo;<\/span>&hellip;<\/a><\/div>\n","protected":false},"author":1,"featured_media":0,"parent":0,"menu_order":0,"comment_status":"closed","ping_status":"closed","template":"templates\/no-intro.php","meta":{"footnotes":""},"class_list":["post-1903","page","type-page","status-publish","hentry","entry"],"yoast_head":"<!-- This site is optimized with the Yoast SEO plugin v23.0 - https:\/\/yoast.com\/wordpress\/plugins\/seo\/ -->\n<title>Privacy Policy | Enzicas<\/title>\n<meta name=\"description\" content=\"Enzicas desarrolla biocatalizadores innovadores a base de enzimas y casta\u00f1as, mejorando la calidad de quesos y embutidos.\" \/>\n<meta name=\"robots\" content=\"index, nofollow, max-snippet:-1, max-image-preview:large, max-video-preview:-1\" \/>\n<link rel=\"canonical\" href=\"https:\/\/staging.enzicas.com\/politica-privacidad\/\" \/>\n<meta property=\"og:locale\" content=\"en_US\" \/>\n<meta property=\"og:type\" content=\"article\" \/>\n<meta property=\"og:title\" content=\"Privacy Policy | Enzicas\" \/>\n<meta property=\"og:description\" content=\"Enzicas desarrolla biocatalizadores innovadores a base de enzimas y casta\u00f1as, mejorando la calidad de quesos y embutidos.\" \/>\n<meta property=\"og:url\" content=\"https:\/\/staging.enzicas.com\/politica-privacidad\/\" \/>\n<meta property=\"og:site_name\" content=\"Enzicas\" \/>\n<meta property=\"article:modified_time\" content=\"2024-07-22T11:40:02+00:00\" \/>\n<meta property=\"og:image\" content=\"https:\/\/staging.enzicas.com\/wp-content\/uploads\/2024\/07\/cropped-Vector.png\" \/>\n\t<meta property=\"og:image:width\" content=\"856\" \/>\n\t<meta property=\"og:image:height\" content=\"228\" \/>\n\t<meta property=\"og:image:type\" content=\"image\/png\" \/>\n<meta name=\"twitter:card\" content=\"summary_large_image\" \/>\n<meta name=\"twitter:label1\" content=\"Est. reading time\" \/>\n\t<meta name=\"twitter:data1\" content=\"3 minutes\" \/>\n<script type=\"application\/ld+json\" class=\"yoast-schema-graph\">{\"@context\":\"https:\/\/schema.org\",\"@graph\":[{\"@type\":\"WebPage\",\"@id\":\"https:\/\/staging.enzicas.com\/politica-privacidad\/\",\"url\":\"https:\/\/staging.enzicas.com\/politica-privacidad\/\",\"name\":\"Privacy Policy | Enzicas\",\"isPartOf\":{\"@id\":\"https:\/\/staging.enzicas.com\/en\/#website\"},\"datePublished\":\"2024-07-17T14:42:49+00:00\",\"dateModified\":\"2024-07-22T11:40:02+00:00\",\"description\":\"Enzicas desarrolla biocatalizadores innovadores a base de enzimas y casta\u00f1as, mejorando la calidad de quesos y embutidos.\",\"breadcrumb\":{\"@id\":\"https:\/\/staging.enzicas.com\/politica-privacidad\/#breadcrumb\"},\"inLanguage\":\"en-US\",\"potentialAction\":[{\"@type\":\"ReadAction\",\"target\":[\"https:\/\/staging.enzicas.com\/politica-privacidad\/\"]}]},{\"@type\":\"BreadcrumbList\",\"@id\":\"https:\/\/staging.enzicas.com\/politica-privacidad\/#breadcrumb\",\"itemListElement\":[{\"@type\":\"ListItem\",\"position\":1,\"name\":\"Portada\",\"item\":\"https:\/\/staging.enzicas.com\/\"},{\"@type\":\"ListItem\",\"position\":2,\"name\":\"Privacy Policy\"}]},{\"@type\":\"WebSite\",\"@id\":\"https:\/\/staging.enzicas.com\/en\/#website\",\"url\":\"https:\/\/staging.enzicas.com\/en\/\",\"name\":\"Enzicas\",\"description\":\"Creamos Biocatalizadores \u00danicos\",\"publisher\":{\"@id\":\"https:\/\/staging.enzicas.com\/en\/#organization\"},\"potentialAction\":[{\"@type\":\"SearchAction\",\"target\":{\"@type\":\"EntryPoint\",\"urlTemplate\":\"https:\/\/staging.enzicas.com\/en\/?s={search_term_string}\"},\"query-input\":\"required name=search_term_string\"}],\"inLanguage\":\"en-US\"},{\"@type\":\"Organization\",\"@id\":\"https:\/\/staging.enzicas.com\/en\/#organization\",\"name\":\"Enzicas\",\"url\":\"https:\/\/staging.enzicas.com\/en\/\",\"logo\":{\"@type\":\"ImageObject\",\"inLanguage\":\"en-US\",\"@id\":\"https:\/\/staging.enzicas.com\/en\/#\/schema\/logo\/image\/\",\"url\":\"https:\/\/staging.enzicas.com\/wp-content\/uploads\/2024\/07\/cropped-Vector.png\",\"contentUrl\":\"https:\/\/staging.enzicas.com\/wp-content\/uploads\/2024\/07\/cropped-Vector.png\",\"width\":856,\"height\":228,\"caption\":\"Enzicas\"},\"image\":{\"@id\":\"https:\/\/staging.enzicas.com\/en\/#\/schema\/logo\/image\/\"},\"sameAs\":[\"https:\/\/www.linkedin.com\/company\/enzicas\/\"]}]}<\/script>\n<!-- \/ Yoast SEO plugin. -->","yoast_head_json":{"title":"Privacy Policy | Enzicas","description":"Enzicas desarrolla biocatalizadores innovadores a base de enzimas y casta\u00f1as, mejorando la calidad de quesos y embutidos.","robots":{"index":"index","follow":"nofollow","max-snippet":"max-snippet:-1","max-image-preview":"max-image-preview:large","max-video-preview":"max-video-preview:-1"},"canonical":"https:\/\/staging.enzicas.com\/politica-privacidad\/","og_locale":"en_US","og_type":"article","og_title":"Privacy Policy | Enzicas","og_description":"Enzicas desarrolla biocatalizadores innovadores a base de enzimas y casta\u00f1as, mejorando la calidad de quesos y embutidos.","og_url":"https:\/\/staging.enzicas.com\/politica-privacidad\/","og_site_name":"Enzicas","article_modified_time":"2024-07-22T11:40:02+00:00","og_image":[{"width":856,"height":228,"url":"https:\/\/staging.enzicas.com\/wp-content\/uploads\/2024\/07\/cropped-Vector.png","type":"image\/png"}],"twitter_card":"summary_large_image","twitter_misc":{"Est. reading time":"3 minutes"},"schema":{"@context":"https:\/\/schema.org","@graph":[{"@type":"WebPage","@id":"https:\/\/staging.enzicas.com\/politica-privacidad\/","url":"https:\/\/staging.enzicas.com\/politica-privacidad\/","name":"Privacy Policy | Enzicas","isPartOf":{"@id":"https:\/\/staging.enzicas.com\/en\/#website"},"datePublished":"2024-07-17T14:42:49+00:00","dateModified":"2024-07-22T11:40:02+00:00","description":"Enzicas desarrolla biocatalizadores innovadores a base de enzimas y casta\u00f1as, mejorando la calidad de quesos y embutidos.","breadcrumb":{"@id":"https:\/\/staging.enzicas.com\/politica-privacidad\/#breadcrumb"},"inLanguage":"en-US","potentialAction":[{"@type":"ReadAction","target":["https:\/\/staging.enzicas.com\/politica-privacidad\/"]}]},{"@type":"BreadcrumbList","@id":"https:\/\/staging.enzicas.com\/politica-privacidad\/#breadcrumb","itemListElement":[{"@type":"ListItem","position":1,"name":"Portada","item":"https:\/\/staging.enzicas.com\/"},{"@type":"ListItem","position":2,"name":"Privacy Policy"}]},{"@type":"WebSite","@id":"https:\/\/staging.enzicas.com\/en\/#website","url":"https:\/\/staging.enzicas.com\/en\/","name":"Enzicas","description":"Creamos Biocatalizadores \u00danicos","publisher":{"@id":"https:\/\/staging.enzicas.com\/en\/#organization"},"potentialAction":[{"@type":"SearchAction","target":{"@type":"EntryPoint","urlTemplate":"https:\/\/staging.enzicas.com\/en\/?s={search_term_string}"},"query-input":"required name=search_term_string"}],"inLanguage":"en-US"},{"@type":"Organization","@id":"https:\/\/staging.enzicas.com\/en\/#organization","name":"Enzicas","url":"https:\/\/staging.enzicas.com\/en\/","logo":{"@type":"ImageObject","inLanguage":"en-US","@id":"https:\/\/staging.enzicas.com\/en\/#\/schema\/logo\/image\/","url":"https:\/\/staging.enzicas.com\/wp-content\/uploads\/2024\/07\/cropped-Vector.png","contentUrl":"https:\/\/staging.enzicas.com\/wp-content\/uploads\/2024\/07\/cropped-Vector.png","width":856,"height":228,"caption":"Enzicas"},"image":{"@id":"https:\/\/staging.enzicas.com\/en\/#\/schema\/logo\/image\/"},"sameAs":["https:\/\/www.linkedin.com\/company\/enzicas\/"]}]}},"_links":{"self":[{"href":"https:\/\/staging.enzicas.com\/en\/wp-json\/wp\/v2\/pages\/1903","targetHints":{"allow":["GET"]}}],"collection":[{"href":"https:\/\/staging.enzicas.com\/en\/wp-json\/wp\/v2\/pages"}],"about":[{"href":"https:\/\/staging.enzicas.com\/en\/wp-json\/wp\/v2\/types\/page"}],"author":[{"embeddable":true,"href":"https:\/\/staging.enzicas.com\/en\/wp-json\/wp\/v2\/users\/1"}],"replies":[{"embeddable":true,"href":"https:\/\/staging.enzicas.com\/en\/wp-json\/wp\/v2\/comments?post=1903"}],"version-history":[{"count":4,"href":"https:\/\/staging.enzicas.com\/en\/wp-json\/wp\/v2\/pages\/1903\/revisions"}],"predecessor-version":[{"id":1941,"href":"https:\/\/staging.enzicas.com\/en\/wp-json\/wp\/v2\/pages\/1903\/revisions\/1941"}],"wp:attachment":[{"href":"https:\/\/staging.enzicas.com\/en\/wp-json\/wp\/v2\/media?parent=1903"}],"curies":[{"name":"wp","href":"https:\/\/api.w.org\/{rel}","templated":true}]}}