{"id":1880,"date":"2024-07-19T11:52:26","date_gmt":"2024-07-19T09:52:26","guid":{"rendered":"https:\/\/staging.enzicas.com\/politica-cookies\/"},"modified":"2024-07-22T13:31:16","modified_gmt":"2024-07-22T11:31:16","slug":"cookies-policy","status":"publish","type":"page","link":"https:\/\/staging.enzicas.com\/en\/cookies-policy\/","title":{"rendered":"Cookies policy"},"content":{"rendered":"\t\t<div data-elementor-type=\"wp-page\" data-elementor-id=\"1880\" class=\"elementor elementor-1880 elementor-1652\">\n\t\t\t\t<div class=\"elementor-element elementor-element-e94d78a e-flex e-con-boxed e-con e-parent\" data-id=\"e94d78a\" data-element_type=\"container\">\n\t\t\t\t\t<div class=\"e-con-inner\">\n\t\t\t\t<div class=\"elementor-element elementor-element-cdbbae5 elementor-widget elementor-widget-heading\" data-id=\"cdbbae5\" data-element_type=\"widget\" data-widget_type=\"heading.default\">\n\t\t\t\t<div class=\"elementor-widget-container\">\n\t\t\t<style>\/*! elementor - v3.23.0 - 15-07-2024 *\/\n.elementor-heading-title{padding:0;margin:0;line-height:1}.elementor-widget-heading .elementor-heading-title[class*=elementor-size-]>a{color:inherit;font-size:inherit;line-height:inherit}.elementor-widget-heading .elementor-heading-title.elementor-size-small{font-size:15px}.elementor-widget-heading .elementor-heading-title.elementor-size-medium{font-size:19px}.elementor-widget-heading .elementor-heading-title.elementor-size-large{font-size:29px}.elementor-widget-heading .elementor-heading-title.elementor-size-xl{font-size:39px}.elementor-widget-heading .elementor-heading-title.elementor-size-xxl{font-size:59px}<\/style><h1 class=\"elementor-heading-title elementor-size-default\">Cookies policy<\/h1>\t\t<\/div>\n\t\t\t\t<\/div>\n\t\t\t\t<div class=\"elementor-element elementor-element-d1fa927 elementor-widget elementor-widget-text-editor\" data-id=\"d1fa927\" data-element_type=\"widget\" data-widget_type=\"text-editor.default\">\n\t\t\t\t<div class=\"elementor-widget-container\">\n\t\t\t<style>\/*! elementor - v3.23.0 - 15-07-2024 *\/\n.elementor-widget-text-editor.elementor-drop-cap-view-stacked .elementor-drop-cap{background-color:#69727d;color:#fff}.elementor-widget-text-editor.elementor-drop-cap-view-framed .elementor-drop-cap{color:#69727d;border:3px solid;background-color:transparent}.elementor-widget-text-editor:not(.elementor-drop-cap-view-default) .elementor-drop-cap{margin-top:8px}.elementor-widget-text-editor:not(.elementor-drop-cap-view-default) .elementor-drop-cap-letter{width:1em;height:1em}.elementor-widget-text-editor .elementor-drop-cap{float:left;text-align:center;line-height:1;font-size:50px}.elementor-widget-text-editor .elementor-drop-cap-letter{display:inline-block}<\/style>\t\t\t\t<h2>What are cookies?<\/h2><p>Cookies are files stored by web pages in the user&#8217;s browsers, which contain session data that can be useful later on in the same web page. These data, which are stored in the cookies, make it possible to maintain navigation information between the different pages of the Web site, while analyzing the way of interacting with it, so that a user preference can be identified.<\/p><p>Description of cookies<\/p><dl><dt><h3>Technical cookies:<\/h3><\/dt><dd>Are those that allow the user to navigate through a web page, platform or application and the use of the different options or services that exist in it as, for example, control traffic and data communication, identify the session, access parts of restricted access, remember the elements that make up an order, make the buying process of an order, use security features while browsing or share content through social networks.<\/dd><dt><h3>Customization Cookies:<\/h3><\/dt><dd>Are those that allow the user to access the service with some features of a general nature predefined according to a series of criteria in the user&#8217;s terminal such as would be the language, the type of browser through which you access the service, the regional settings from where you access the service, etc..<\/dd><dt><h3>Session cookies:<\/h3><\/dt><dd>Are temporary cookies that remain in the browser&#8217;s cookie file until you leave the website. It is usually used to analyze traffic patterns on the web. Ultimately, this allows to provide a better experience to improve the content and facilitate its use.<\/dd><dt><h3>Analysis Cookies:<\/h3><\/dt><dd>Are those that well treated by us or by third parties, allow us to quantify the number of users and thus perform the measurement and statistical analysis of the use made by users of the service offered. To do this, your browsing on our website is analyzed in order to improve the supply of products or services that we offer.<\/dd><\/dl><h2>What cookies do we use on this website?<\/h2><div class=\"cky-audit-table-element\">\u00a0<\/div><h2>How to disable cookies?<\/h2><p><a class=\"cky-banner-element btn btn-primary\">Ajustes de cookies<\/a><\/p><p>You can change your cookie preferences at any time by clicking the button above. This will allow you to revisit the cookie consent banner and change your preferences or withdraw your consent immediately.<\/p><p>In addition to this, different browsers provide different methods to block and delete cookies used by websites. You can change your browser settings to block\/delete cookies. Listed below are links to support documents on how to manage and delete cookies from the major web browsers:<\/p><ul><li><a href=\"https:\/\/support.microsoft.com\/en-us\/topic\/how-to-delete-cookie-files-in-internet-explorer-bca9446f-d873-78de-77ba-d42645fa52fc\" target=\"_blank\" rel=\"noopener noreferrer nofollow\"><strong>Internet Explorer<\/strong><\/a><\/li><li><a href=\"https:\/\/support.mozilla.org\/en-US\/kb\/clear-cookies-and-site-data-firefox?redirectslug=delete-cookies-remove-info-websites-stored&amp;redirectlocale=en-US\" target=\"_blank\" rel=\"noopener noreferrer nofollow\"><strong>Mozilla Firefox<\/strong><\/a><\/li><li><a href=\"https:\/\/support.google.com\/accounts\/answer\/32050\" target=\"_blank\" rel=\"noopener noreferrer nofollow\"><strong>Google Chrome<\/strong><\/a><\/li><li><a href=\"https:\/\/support.apple.com\/en-in\/guide\/safari\/sfri11471\/mac\" target=\"_blank\" rel=\"noopener noreferrer nofollow\"><strong>Safari<\/strong><\/a><\/li><li><a href=\"https:\/\/www.opera.com\/help\/tutorials\/security\/privacy\/\" target=\"_blank\" rel=\"noopener noreferrer nofollow\"><strong>Opera<\/strong><\/a><\/li><\/ul><p>If you are using any other web browser, please visit the official support documents for your browser.<\/p>\t\t\t\t\t\t<\/div>\n\t\t\t\t<\/div>\n\t\t\t\t\t<\/div>\n\t\t\t\t<\/div>\n\t\t\t\t<\/div>\n\t\t","protected":false},"excerpt":{"rendered":"<div class=\"entry-summary\">\nPolitica de cookies \u00bfQu\u00e9 son las cookies? Las cookies son archivos almacenados por las p\u00e1ginas web en los navegadores del usuario, las cuales contienen datos de sesi\u00f3n que pueden ser de utilidad m\u00e1s adelante en la misma p\u00e1gina web. Estos&hellip;\n<\/div>\n<div class=\"link-more\"><a href=\"https:\/\/staging.enzicas.com\/en\/cookies-policy\/\" class=\"more-link\">Continue reading<span class=\"screen-reader-text\"> &ldquo;Cookies policy&rdquo;<\/span>&hellip;<\/a><\/div>\n","protected":false},"author":1,"featured_media":0,"parent":0,"menu_order":0,"comment_status":"closed","ping_status":"closed","template":"","meta":{"footnotes":""},"class_list":["post-1880","page","type-page","status-publish","hentry","entry"],"yoast_head":"<!-- This site is optimized with the Yoast SEO plugin v23.0 - https:\/\/yoast.com\/wordpress\/plugins\/seo\/ -->\n<title>Cookies policy | Enzicas<\/title>\n<meta name=\"description\" content=\"Enzicas desarrolla biocatalizadores innovadores a base de enzimas y casta\u00f1as, mejorando la calidad de quesos y embutidos.\" \/>\n<meta name=\"robots\" content=\"noindex, follow\" \/>\n<meta property=\"og:locale\" content=\"en_US\" \/>\n<meta property=\"og:type\" content=\"article\" \/>\n<meta property=\"og:title\" content=\"Cookies policy | Enzicas\" \/>\n<meta property=\"og:description\" content=\"Enzicas desarrolla biocatalizadores innovadores a base de enzimas y casta\u00f1as, mejorando la calidad de quesos y embutidos.\" \/>\n<meta property=\"og:url\" content=\"https:\/\/staging.enzicas.com\/politica-cookies\/\" \/>\n<meta property=\"og:site_name\" content=\"Enzicas\" \/>\n<meta property=\"article:modified_time\" content=\"2024-07-22T11:31:16+00:00\" \/>\n<meta property=\"og:image\" content=\"https:\/\/staging.enzicas.com\/wp-content\/uploads\/2024\/07\/cropped-Vector.png\" \/>\n\t<meta property=\"og:image:width\" content=\"856\" \/>\n\t<meta property=\"og:image:height\" content=\"228\" \/>\n\t<meta property=\"og:image:type\" content=\"image\/png\" \/>\n<meta name=\"twitter:card\" content=\"summary_large_image\" \/>\n<meta name=\"twitter:label1\" content=\"Est. reading time\" \/>\n\t<meta name=\"twitter:data1\" content=\"3 minutes\" \/>\n<script type=\"application\/ld+json\" class=\"yoast-schema-graph\">{\"@context\":\"https:\/\/schema.org\",\"@graph\":[{\"@type\":\"WebPage\",\"@id\":\"https:\/\/staging.enzicas.com\/politica-cookies\/\",\"url\":\"https:\/\/staging.enzicas.com\/politica-cookies\/\",\"name\":\"Cookies policy | Enzicas\",\"isPartOf\":{\"@id\":\"https:\/\/staging.enzicas.com\/en\/#website\"},\"datePublished\":\"2024-07-19T09:52:26+00:00\",\"dateModified\":\"2024-07-22T11:31:16+00:00\",\"description\":\"Enzicas desarrolla biocatalizadores innovadores a base de enzimas y casta\u00f1as, mejorando la calidad de quesos y embutidos.\",\"breadcrumb\":{\"@id\":\"https:\/\/staging.enzicas.com\/politica-cookies\/#breadcrumb\"},\"inLanguage\":\"en-US\",\"potentialAction\":[{\"@type\":\"ReadAction\",\"target\":[\"https:\/\/staging.enzicas.com\/politica-cookies\/\"]}]},{\"@type\":\"BreadcrumbList\",\"@id\":\"https:\/\/staging.enzicas.com\/politica-cookies\/#breadcrumb\",\"itemListElement\":[{\"@type\":\"ListItem\",\"position\":1,\"name\":\"Portada\",\"item\":\"https:\/\/staging.enzicas.com\/\"},{\"@type\":\"ListItem\",\"position\":2,\"name\":\"Cookies policy\"}]},{\"@type\":\"WebSite\",\"@id\":\"https:\/\/staging.enzicas.com\/en\/#website\",\"url\":\"https:\/\/staging.enzicas.com\/en\/\",\"name\":\"Enzicas\",\"description\":\"Creamos Biocatalizadores \u00danicos\",\"publisher\":{\"@id\":\"https:\/\/staging.enzicas.com\/en\/#organization\"},\"potentialAction\":[{\"@type\":\"SearchAction\",\"target\":{\"@type\":\"EntryPoint\",\"urlTemplate\":\"https:\/\/staging.enzicas.com\/en\/?s={search_term_string}\"},\"query-input\":\"required name=search_term_string\"}],\"inLanguage\":\"en-US\"},{\"@type\":\"Organization\",\"@id\":\"https:\/\/staging.enzicas.com\/en\/#organization\",\"name\":\"Enzicas\",\"url\":\"https:\/\/staging.enzicas.com\/en\/\",\"logo\":{\"@type\":\"ImageObject\",\"inLanguage\":\"en-US\",\"@id\":\"https:\/\/staging.enzicas.com\/en\/#\/schema\/logo\/image\/\",\"url\":\"https:\/\/staging.enzicas.com\/wp-content\/uploads\/2024\/07\/cropped-Vector.png\",\"contentUrl\":\"https:\/\/staging.enzicas.com\/wp-content\/uploads\/2024\/07\/cropped-Vector.png\",\"width\":856,\"height\":228,\"caption\":\"Enzicas\"},\"image\":{\"@id\":\"https:\/\/staging.enzicas.com\/en\/#\/schema\/logo\/image\/\"},\"sameAs\":[\"https:\/\/www.linkedin.com\/company\/enzicas\/\"]}]}<\/script>\n<!-- \/ Yoast SEO plugin. -->","yoast_head_json":{"title":"Cookies policy | Enzicas","description":"Enzicas desarrolla biocatalizadores innovadores a base de enzimas y casta\u00f1as, mejorando la calidad de quesos y embutidos.","robots":{"index":"noindex","follow":"follow"},"og_locale":"en_US","og_type":"article","og_title":"Cookies policy | Enzicas","og_description":"Enzicas desarrolla biocatalizadores innovadores a base de enzimas y casta\u00f1as, mejorando la calidad de quesos y embutidos.","og_url":"https:\/\/staging.enzicas.com\/politica-cookies\/","og_site_name":"Enzicas","article_modified_time":"2024-07-22T11:31:16+00:00","og_image":[{"width":856,"height":228,"url":"https:\/\/staging.enzicas.com\/wp-content\/uploads\/2024\/07\/cropped-Vector.png","type":"image\/png"}],"twitter_card":"summary_large_image","twitter_misc":{"Est. reading time":"3 minutes"},"schema":{"@context":"https:\/\/schema.org","@graph":[{"@type":"WebPage","@id":"https:\/\/staging.enzicas.com\/politica-cookies\/","url":"https:\/\/staging.enzicas.com\/politica-cookies\/","name":"Cookies policy | Enzicas","isPartOf":{"@id":"https:\/\/staging.enzicas.com\/en\/#website"},"datePublished":"2024-07-19T09:52:26+00:00","dateModified":"2024-07-22T11:31:16+00:00","description":"Enzicas desarrolla biocatalizadores innovadores a base de enzimas y casta\u00f1as, mejorando la calidad de quesos y embutidos.","breadcrumb":{"@id":"https:\/\/staging.enzicas.com\/politica-cookies\/#breadcrumb"},"inLanguage":"en-US","potentialAction":[{"@type":"ReadAction","target":["https:\/\/staging.enzicas.com\/politica-cookies\/"]}]},{"@type":"BreadcrumbList","@id":"https:\/\/staging.enzicas.com\/politica-cookies\/#breadcrumb","itemListElement":[{"@type":"ListItem","position":1,"name":"Portada","item":"https:\/\/staging.enzicas.com\/"},{"@type":"ListItem","position":2,"name":"Cookies policy"}]},{"@type":"WebSite","@id":"https:\/\/staging.enzicas.com\/en\/#website","url":"https:\/\/staging.enzicas.com\/en\/","name":"Enzicas","description":"Creamos Biocatalizadores \u00danicos","publisher":{"@id":"https:\/\/staging.enzicas.com\/en\/#organization"},"potentialAction":[{"@type":"SearchAction","target":{"@type":"EntryPoint","urlTemplate":"https:\/\/staging.enzicas.com\/en\/?s={search_term_string}"},"query-input":"required name=search_term_string"}],"inLanguage":"en-US"},{"@type":"Organization","@id":"https:\/\/staging.enzicas.com\/en\/#organization","name":"Enzicas","url":"https:\/\/staging.enzicas.com\/en\/","logo":{"@type":"ImageObject","inLanguage":"en-US","@id":"https:\/\/staging.enzicas.com\/en\/#\/schema\/logo\/image\/","url":"https:\/\/staging.enzicas.com\/wp-content\/uploads\/2024\/07\/cropped-Vector.png","contentUrl":"https:\/\/staging.enzicas.com\/wp-content\/uploads\/2024\/07\/cropped-Vector.png","width":856,"height":228,"caption":"Enzicas"},"image":{"@id":"https:\/\/staging.enzicas.com\/en\/#\/schema\/logo\/image\/"},"sameAs":["https:\/\/www.linkedin.com\/company\/enzicas\/"]}]}},"_links":{"self":[{"href":"https:\/\/staging.enzicas.com\/en\/wp-json\/wp\/v2\/pages\/1880","targetHints":{"allow":["GET"]}}],"collection":[{"href":"https:\/\/staging.enzicas.com\/en\/wp-json\/wp\/v2\/pages"}],"about":[{"href":"https:\/\/staging.enzicas.com\/en\/wp-json\/wp\/v2\/types\/page"}],"author":[{"embeddable":true,"href":"https:\/\/staging.enzicas.com\/en\/wp-json\/wp\/v2\/users\/1"}],"replies":[{"embeddable":true,"href":"https:\/\/staging.enzicas.com\/en\/wp-json\/wp\/v2\/comments?post=1880"}],"version-history":[{"count":4,"href":"https:\/\/staging.enzicas.com\/en\/wp-json\/wp\/v2\/pages\/1880\/revisions"}],"predecessor-version":[{"id":1895,"href":"https:\/\/staging.enzicas.com\/en\/wp-json\/wp\/v2\/pages\/1880\/revisions\/1895"}],"wp:attachment":[{"href":"https:\/\/staging.enzicas.com\/en\/wp-json\/wp\/v2\/media?parent=1880"}],"curies":[{"name":"wp","href":"https:\/\/api.w.org\/{rel}","templated":true}]}}