{"id":1821,"date":"2024-07-16T13:23:47","date_gmt":"2024-07-16T11:23:47","guid":{"rendered":"https:\/\/staging.enzicas.com\/contacto\/"},"modified":"2024-07-22T12:45:54","modified_gmt":"2024-07-22T10:45:54","slug":"contacto","status":"publish","type":"page","link":"https:\/\/staging.enzicas.com\/en\/contacto\/","title":{"rendered":"Contact"},"content":{"rendered":"\t\t<div data-elementor-type=\"wp-page\" data-elementor-id=\"1821\" class=\"elementor elementor-1821 elementor-280\">\n\t\t\t\t<div class=\"elementor-element elementor-element-b24b3c7 e-flex e-con-boxed e-con e-parent\" data-id=\"b24b3c7\" data-element_type=\"container\" data-settings=\"{&quot;background_background&quot;:&quot;classic&quot;}\">\n\t\t\t\t\t<div class=\"e-con-inner\">\n\t\t<div class=\"elementor-element elementor-element-f92a7e6 e-con-full e-flex e-con e-child\" data-id=\"f92a7e6\" data-element_type=\"container\">\n\t\t\t\t<div class=\"elementor-element elementor-element-585a451 elementor-widget elementor-widget-heading\" data-id=\"585a451\" data-element_type=\"widget\" data-widget_type=\"heading.default\">\n\t\t\t\t<div class=\"elementor-widget-container\">\n\t\t\t<style>\/*! elementor - v3.23.0 - 15-07-2024 *\/\n.elementor-heading-title{padding:0;margin:0;line-height:1}.elementor-widget-heading .elementor-heading-title[class*=elementor-size-]>a{color:inherit;font-size:inherit;line-height:inherit}.elementor-widget-heading .elementor-heading-title.elementor-size-small{font-size:15px}.elementor-widget-heading .elementor-heading-title.elementor-size-medium{font-size:19px}.elementor-widget-heading .elementor-heading-title.elementor-size-large{font-size:29px}.elementor-widget-heading .elementor-heading-title.elementor-size-xl{font-size:39px}.elementor-widget-heading .elementor-heading-title.elementor-size-xxl{font-size:59px}<\/style><h1 class=\"elementor-heading-title elementor-size-default\">Contact<\/h1>\t\t<\/div>\n\t\t\t\t<\/div>\n\t\t\t\t<div class=\"elementor-element elementor-element-0bf40ee elementor-widget elementor-widget-text-editor\" data-id=\"0bf40ee\" data-element_type=\"widget\" data-widget_type=\"text-editor.default\">\n\t\t\t\t<div class=\"elementor-widget-container\">\n\t\t\t<style>\/*! elementor - v3.23.0 - 15-07-2024 *\/\n.elementor-widget-text-editor.elementor-drop-cap-view-stacked .elementor-drop-cap{background-color:#69727d;color:#fff}.elementor-widget-text-editor.elementor-drop-cap-view-framed .elementor-drop-cap{color:#69727d;border:3px solid;background-color:transparent}.elementor-widget-text-editor:not(.elementor-drop-cap-view-default) .elementor-drop-cap{margin-top:8px}.elementor-widget-text-editor:not(.elementor-drop-cap-view-default) .elementor-drop-cap-letter{width:1em;height:1em}.elementor-widget-text-editor .elementor-drop-cap{float:left;text-align:center;line-height:1;font-size:50px}.elementor-widget-text-editor .elementor-drop-cap-letter{display:inline-block}<\/style>\t\t\t\t<p>Enzicas Bio S.L.<br \/><a class=\"link\" href=\"mailto:info@enzicas.com\" target=\"_blank\" rel=\"noopener\">info@enzicas.com<\/a><\/p>\t\t\t\t\t\t<\/div>\n\t\t\t\t<\/div>\n\t\t\t\t<\/div>\n\t\t<div class=\"elementor-element elementor-element-b4379f9 e-con-full e-flex e-con e-child\" data-id=\"b4379f9\" data-element_type=\"container\">\n\t\t\t\t<div class=\"elementor-element elementor-element-a09d898 elementor-widget elementor-widget-shortcode\" data-id=\"a09d898\" data-element_type=\"widget\" data-widget_type=\"shortcode.default\">\n\t\t\t\t<div class=\"elementor-widget-container\">\n\t\t\t\t\t<div class=\"elementor-shortcode\">\n<div class=\"wpcf7 no-js\" id=\"wpcf7-f895-o1\" lang=\"es-ES\" dir=\"ltr\">\n<div class=\"screen-reader-response\"><p role=\"status\" aria-live=\"polite\" aria-atomic=\"true\"><\/p> <ul><\/ul><\/div>\n<form action=\"\/en\/wp-json\/wp\/v2\/pages\/1821#wpcf7-f895-o1\" method=\"post\" class=\"wpcf7-form init\" aria-label=\"Formulario de contacto\" novalidate=\"novalidate\" data-status=\"init\">\n<div style=\"display: none;\">\n<input type=\"hidden\" name=\"_wpcf7\" value=\"895\" \/>\n<input type=\"hidden\" name=\"_wpcf7_version\" value=\"5.9.7\" \/>\n<input type=\"hidden\" name=\"_wpcf7_locale\" value=\"es_ES\" \/>\n<input type=\"hidden\" name=\"_wpcf7_unit_tag\" value=\"wpcf7-f895-o1\" \/>\n<input type=\"hidden\" name=\"_wpcf7_container_post\" value=\"0\" \/>\n<input type=\"hidden\" name=\"_wpcf7_posted_data_hash\" value=\"\" \/>\n<input type=\"hidden\" name=\"_wpcf7_recaptcha_response\" value=\"\" \/>\n<\/div>\n<p><span class=\"wpcf7-form-control-wrap\" data-name=\"nombre\"><input size=\"40\" maxlength=\"400\" class=\"wpcf7-form-control wpcf7-text wpcf7-validates-as-required\" aria-required=\"true\" aria-invalid=\"false\" placeholder=\"Name and Surname*\" value=\"\" type=\"text\" name=\"nombre\" \/><\/span>\n<\/p>\n<p><span class=\"wpcf7-form-control-wrap\" data-name=\"correo\"><input size=\"40\" maxlength=\"400\" class=\"wpcf7-form-control wpcf7-email wpcf7-validates-as-required wpcf7-text wpcf7-validates-as-email\" aria-required=\"true\" aria-invalid=\"false\" placeholder=\"Email*\" value=\"\" type=\"email\" name=\"correo\" \/><\/span>\n<\/p>\n<p><span class=\"wpcf7-form-control-wrap\" data-name=\"telefono\"><input size=\"40\" maxlength=\"400\" class=\"wpcf7-form-control wpcf7-tel wpcf7-text wpcf7-validates-as-tel\" aria-invalid=\"false\" placeholder=\"Phone\" value=\"\" type=\"tel\" name=\"telefono\" \/><\/span>\n<\/p>\n<p><span class=\"wpcf7-form-control-wrap\" data-name=\"mensaje\"><textarea cols=\"40\" rows=\"10\" maxlength=\"2000\" class=\"wpcf7-form-control wpcf7-textarea wpcf7-validates-as-required autoExpand\" aria-required=\"true\" aria-invalid=\"false\" placeholder=\"Message*\" name=\"mensaje\"><\/textarea><\/span>\n<\/p>\n<p><span class=\"wpcf7-form-control-wrap\" data-name=\"acceptance-legal\"><span class=\"wpcf7-form-control wpcf7-acceptance\"><span class=\"wpcf7-list-item\"><label><input type=\"checkbox\" name=\"acceptance-legal\" value=\"1\" aria-invalid=\"false\" \/><span class=\"wpcf7-list-item-label\"><span class=\"contacto-accept\">I have been able to read and understand the information about the use of my personal data explained in the <a href=\"\/en\/privacy-policy\/\">Privacy Policy.<\/a><\/span><\/span><\/label><\/span><\/span><\/span>\n<\/p>\n<p>This site is protected by reCAPTCHA and the Google <a href=\"https:\/\/policies.google.com\/privacy\">Privacy Policy<\/a> and <a href=\"https:\/\/policies.google.com\/terms\">Terms of Service<\/a> apply.\n<\/p>\n<p><input class=\"wpcf7-form-control wpcf7-submit has-spinner\" type=\"submit\" value=\"Submit\" \/>\n<\/p><div class=\"wpcf7-response-output\" aria-hidden=\"true\"><\/div>\n<\/form>\n<\/div>\n<\/div>\n\t\t\t\t<\/div>\n\t\t\t\t<\/div>\n\t\t\t\t<\/div>\n\t\t\t\t\t<\/div>\n\t\t\t\t<\/div>\n\t\t\t\t<\/div>\n\t\t","protected":false},"excerpt":{"rendered":"<div class=\"entry-summary\">\nContact Enzicas Bio S.L.info@enzicas.com\n<\/div>\n<div class=\"link-more\"><a href=\"https:\/\/staging.enzicas.com\/en\/contacto\/\" class=\"more-link\">Continue reading<span class=\"screen-reader-text\"> &ldquo;Contact&rdquo;<\/span>&hellip;<\/a><\/div>\n","protected":false},"author":1,"featured_media":0,"parent":0,"menu_order":0,"comment_status":"closed","ping_status":"closed","template":"templates\/no-intro.php","meta":{"footnotes":""},"class_list":["post-1821","page","type-page","status-publish","hentry","entry"],"yoast_head":"<!-- This site is optimized with the Yoast SEO plugin v23.0 - https:\/\/yoast.com\/wordpress\/plugins\/seo\/ -->\n<title>Contact | Enzicas<\/title>\n<meta name=\"description\" content=\"Creamos biocatalizadores \u00fanicos. Entra en contacto con nosotros y ay\u00fadanos a optimizar nuestro ingrediente \u00fanico.\" \/>\n<meta name=\"robots\" content=\"index, follow, max-snippet:-1, max-image-preview:large, max-video-preview:-1\" \/>\n<link rel=\"canonical\" href=\"https:\/\/staging.enzicas.com\/contacto\/\" \/>\n<meta property=\"og:locale\" content=\"en_US\" \/>\n<meta property=\"og:type\" content=\"article\" \/>\n<meta property=\"og:title\" content=\"Contacto\" \/>\n<meta property=\"og:description\" content=\"Creamos biocatalizadores \u00fanicos. Entra en contacto con nosotros y ay\u00fadanos a optimizar nuestro ingrediente \u00fanico.\" \/>\n<meta property=\"og:url\" content=\"https:\/\/staging.enzicas.com\/contacto\/\" \/>\n<meta property=\"og:site_name\" content=\"Enzicas\" \/>\n<meta property=\"article:modified_time\" content=\"2024-07-22T10:45:54+00:00\" \/>\n<meta property=\"og:image\" content=\"https:\/\/staging.enzicas.com\/wp-content\/uploads\/2024\/07\/chestnut-bg.webp\" \/>\n\t<meta property=\"og:image:width\" content=\"1731\" \/>\n\t<meta property=\"og:image:height\" content=\"1117\" \/>\n\t<meta property=\"og:image:type\" content=\"image\/webp\" \/>\n<meta name=\"twitter:card\" content=\"summary_large_image\" \/>\n<meta name=\"twitter:title\" content=\"Contacto\" \/>\n<meta name=\"twitter:description\" content=\"Creamos biocatalizadores \u00fanicos. Entra en contacto con nosotros y ay\u00fadanos a optimizar nuestro ingrediente \u00fanico.\" \/>\n<meta name=\"twitter:image\" content=\"https:\/\/staging.enzicas.com\/wp-content\/uploads\/2024\/07\/chestnut-bg.webp\" \/>\n<meta name=\"twitter:label1\" content=\"Est. reading time\" \/>\n\t<meta name=\"twitter:data1\" content=\"1 minute\" \/>\n<script type=\"application\/ld+json\" class=\"yoast-schema-graph\">{\"@context\":\"https:\/\/schema.org\",\"@graph\":[{\"@type\":\"WebPage\",\"@id\":\"https:\/\/staging.enzicas.com\/contacto\/\",\"url\":\"https:\/\/staging.enzicas.com\/contacto\/\",\"name\":\"Contact | Enzicas\",\"isPartOf\":{\"@id\":\"https:\/\/staging.enzicas.com\/en\/#website\"},\"datePublished\":\"2024-07-16T11:23:47+00:00\",\"dateModified\":\"2024-07-22T10:45:54+00:00\",\"description\":\"Creamos biocatalizadores \u00fanicos. Entra en contacto con nosotros y ay\u00fadanos a optimizar nuestro ingrediente \u00fanico.\",\"breadcrumb\":{\"@id\":\"https:\/\/staging.enzicas.com\/contacto\/#breadcrumb\"},\"inLanguage\":\"en-US\",\"potentialAction\":[{\"@type\":\"ReadAction\",\"target\":[\"https:\/\/staging.enzicas.com\/contacto\/\"]}]},{\"@type\":\"BreadcrumbList\",\"@id\":\"https:\/\/staging.enzicas.com\/contacto\/#breadcrumb\",\"itemListElement\":[{\"@type\":\"ListItem\",\"position\":1,\"name\":\"Portada\",\"item\":\"https:\/\/staging.enzicas.com\/\"},{\"@type\":\"ListItem\",\"position\":2,\"name\":\"Contact\"}]},{\"@type\":\"WebSite\",\"@id\":\"https:\/\/staging.enzicas.com\/en\/#website\",\"url\":\"https:\/\/staging.enzicas.com\/en\/\",\"name\":\"Enzicas\",\"description\":\"Creamos Biocatalizadores \u00danicos\",\"publisher\":{\"@id\":\"https:\/\/staging.enzicas.com\/en\/#organization\"},\"potentialAction\":[{\"@type\":\"SearchAction\",\"target\":{\"@type\":\"EntryPoint\",\"urlTemplate\":\"https:\/\/staging.enzicas.com\/en\/?s={search_term_string}\"},\"query-input\":\"required name=search_term_string\"}],\"inLanguage\":\"en-US\"},{\"@type\":\"Organization\",\"@id\":\"https:\/\/staging.enzicas.com\/en\/#organization\",\"name\":\"Enzicas\",\"url\":\"https:\/\/staging.enzicas.com\/en\/\",\"logo\":{\"@type\":\"ImageObject\",\"inLanguage\":\"en-US\",\"@id\":\"https:\/\/staging.enzicas.com\/en\/#\/schema\/logo\/image\/\",\"url\":\"https:\/\/staging.enzicas.com\/wp-content\/uploads\/2024\/07\/cropped-Vector.png\",\"contentUrl\":\"https:\/\/staging.enzicas.com\/wp-content\/uploads\/2024\/07\/cropped-Vector.png\",\"width\":856,\"height\":228,\"caption\":\"Enzicas\"},\"image\":{\"@id\":\"https:\/\/staging.enzicas.com\/en\/#\/schema\/logo\/image\/\"},\"sameAs\":[\"https:\/\/www.linkedin.com\/company\/enzicas\/\"]}]}<\/script>\n<!-- \/ Yoast SEO plugin. -->","yoast_head_json":{"title":"Contact | Enzicas","description":"Creamos biocatalizadores \u00fanicos. Entra en contacto con nosotros y ay\u00fadanos a optimizar nuestro ingrediente \u00fanico.","robots":{"index":"index","follow":"follow","max-snippet":"max-snippet:-1","max-image-preview":"max-image-preview:large","max-video-preview":"max-video-preview:-1"},"canonical":"https:\/\/staging.enzicas.com\/contacto\/","og_locale":"en_US","og_type":"article","og_title":"Contacto","og_description":"Creamos biocatalizadores \u00fanicos. Entra en contacto con nosotros y ay\u00fadanos a optimizar nuestro ingrediente \u00fanico.","og_url":"https:\/\/staging.enzicas.com\/contacto\/","og_site_name":"Enzicas","article_modified_time":"2024-07-22T10:45:54+00:00","og_image":[{"width":1731,"height":1117,"url":"https:\/\/staging.enzicas.com\/wp-content\/uploads\/2024\/07\/chestnut-bg.webp","type":"image\/webp"}],"twitter_card":"summary_large_image","twitter_title":"Contacto","twitter_description":"Creamos biocatalizadores \u00fanicos. Entra en contacto con nosotros y ay\u00fadanos a optimizar nuestro ingrediente \u00fanico.","twitter_image":"https:\/\/staging.enzicas.com\/wp-content\/uploads\/2024\/07\/chestnut-bg.webp","twitter_misc":{"Est. reading time":"1 minute"},"schema":{"@context":"https:\/\/schema.org","@graph":[{"@type":"WebPage","@id":"https:\/\/staging.enzicas.com\/contacto\/","url":"https:\/\/staging.enzicas.com\/contacto\/","name":"Contact | Enzicas","isPartOf":{"@id":"https:\/\/staging.enzicas.com\/en\/#website"},"datePublished":"2024-07-16T11:23:47+00:00","dateModified":"2024-07-22T10:45:54+00:00","description":"Creamos biocatalizadores \u00fanicos. Entra en contacto con nosotros y ay\u00fadanos a optimizar nuestro ingrediente \u00fanico.","breadcrumb":{"@id":"https:\/\/staging.enzicas.com\/contacto\/#breadcrumb"},"inLanguage":"en-US","potentialAction":[{"@type":"ReadAction","target":["https:\/\/staging.enzicas.com\/contacto\/"]}]},{"@type":"BreadcrumbList","@id":"https:\/\/staging.enzicas.com\/contacto\/#breadcrumb","itemListElement":[{"@type":"ListItem","position":1,"name":"Portada","item":"https:\/\/staging.enzicas.com\/"},{"@type":"ListItem","position":2,"name":"Contact"}]},{"@type":"WebSite","@id":"https:\/\/staging.enzicas.com\/en\/#website","url":"https:\/\/staging.enzicas.com\/en\/","name":"Enzicas","description":"Creamos Biocatalizadores \u00danicos","publisher":{"@id":"https:\/\/staging.enzicas.com\/en\/#organization"},"potentialAction":[{"@type":"SearchAction","target":{"@type":"EntryPoint","urlTemplate":"https:\/\/staging.enzicas.com\/en\/?s={search_term_string}"},"query-input":"required name=search_term_string"}],"inLanguage":"en-US"},{"@type":"Organization","@id":"https:\/\/staging.enzicas.com\/en\/#organization","name":"Enzicas","url":"https:\/\/staging.enzicas.com\/en\/","logo":{"@type":"ImageObject","inLanguage":"en-US","@id":"https:\/\/staging.enzicas.com\/en\/#\/schema\/logo\/image\/","url":"https:\/\/staging.enzicas.com\/wp-content\/uploads\/2024\/07\/cropped-Vector.png","contentUrl":"https:\/\/staging.enzicas.com\/wp-content\/uploads\/2024\/07\/cropped-Vector.png","width":856,"height":228,"caption":"Enzicas"},"image":{"@id":"https:\/\/staging.enzicas.com\/en\/#\/schema\/logo\/image\/"},"sameAs":["https:\/\/www.linkedin.com\/company\/enzicas\/"]}]}},"_links":{"self":[{"href":"https:\/\/staging.enzicas.com\/en\/wp-json\/wp\/v2\/pages\/1821","targetHints":{"allow":["GET"]}}],"collection":[{"href":"https:\/\/staging.enzicas.com\/en\/wp-json\/wp\/v2\/pages"}],"about":[{"href":"https:\/\/staging.enzicas.com\/en\/wp-json\/wp\/v2\/types\/page"}],"author":[{"embeddable":true,"href":"https:\/\/staging.enzicas.com\/en\/wp-json\/wp\/v2\/users\/1"}],"replies":[{"embeddable":true,"href":"https:\/\/staging.enzicas.com\/en\/wp-json\/wp\/v2\/comments?post=1821"}],"version-history":[{"count":7,"href":"https:\/\/staging.enzicas.com\/en\/wp-json\/wp\/v2\/pages\/1821\/revisions"}],"predecessor-version":[{"id":1828,"href":"https:\/\/staging.enzicas.com\/en\/wp-json\/wp\/v2\/pages\/1821\/revisions\/1828"}],"wp:attachment":[{"href":"https:\/\/staging.enzicas.com\/en\/wp-json\/wp\/v2\/media?parent=1821"}],"curies":[{"name":"wp","href":"https:\/\/api.w.org\/{rel}","templated":true}]}}