{"id":1816,"date":"2024-07-16T13:13:09","date_gmt":"2024-07-16T11:13:09","guid":{"rendered":"https:\/\/staging.enzicas.com\/aplicaciones\/"},"modified":"2024-07-22T13:01:00","modified_gmt":"2024-07-22T11:01:00","slug":"aplicaciones","status":"publish","type":"page","link":"https:\/\/staging.enzicas.com\/en\/aplicaciones\/","title":{"rendered":"Applications"},"content":{"rendered":"\t\t<div data-elementor-type=\"wp-page\" data-elementor-id=\"1816\" class=\"elementor elementor-1816 elementor-268\">\n\t\t\t\t<div class=\"elementor-element elementor-element-69b245b bg-dark e-flex e-con-boxed e-con e-parent\" data-id=\"69b245b\" data-element_type=\"container\" data-settings=\"{&quot;background_background&quot;:&quot;classic&quot;}\">\n\t\t\t\t\t<div class=\"e-con-inner\">\n\t\t<div class=\"elementor-element elementor-element-37388bd e-con-full e-flex e-con e-child\" data-id=\"37388bd\" data-element_type=\"container\">\n\t\t\t\t<div class=\"elementor-element elementor-element-f4f1235 elementor-widget elementor-widget-heading\" data-id=\"f4f1235\" data-element_type=\"widget\" data-widget_type=\"heading.default\">\n\t\t\t\t<div class=\"elementor-widget-container\">\n\t\t\t<style>\/*! elementor - v3.23.0 - 15-07-2024 *\/\n.elementor-heading-title{padding:0;margin:0;line-height:1}.elementor-widget-heading .elementor-heading-title[class*=elementor-size-]>a{color:inherit;font-size:inherit;line-height:inherit}.elementor-widget-heading .elementor-heading-title.elementor-size-small{font-size:15px}.elementor-widget-heading .elementor-heading-title.elementor-size-medium{font-size:19px}.elementor-widget-heading .elementor-heading-title.elementor-size-large{font-size:29px}.elementor-widget-heading .elementor-heading-title.elementor-size-xl{font-size:39px}.elementor-widget-heading .elementor-heading-title.elementor-size-xxl{font-size:59px}<\/style><h1 class=\"elementor-heading-title elementor-size-default\">Applications<\/h1>\t\t<\/div>\n\t\t\t\t<\/div>\n\t\t\t\t<div class=\"elementor-element elementor-element-8ad75a9 sub-title-header elementor-widget elementor-widget-text-editor\" data-id=\"8ad75a9\" data-element_type=\"widget\" data-widget_type=\"text-editor.default\">\n\t\t\t\t<div class=\"elementor-widget-container\">\n\t\t\t<style>\/*! elementor - v3.23.0 - 15-07-2024 *\/\n.elementor-widget-text-editor.elementor-drop-cap-view-stacked .elementor-drop-cap{background-color:#69727d;color:#fff}.elementor-widget-text-editor.elementor-drop-cap-view-framed .elementor-drop-cap{color:#69727d;border:3px solid;background-color:transparent}.elementor-widget-text-editor:not(.elementor-drop-cap-view-default) .elementor-drop-cap{margin-top:8px}.elementor-widget-text-editor:not(.elementor-drop-cap-view-default) .elementor-drop-cap-letter{width:1em;height:1em}.elementor-widget-text-editor .elementor-drop-cap{float:left;text-align:center;line-height:1;font-size:50px}.elementor-widget-text-editor .elementor-drop-cap-letter{display:inline-block}<\/style>\t\t\t\t<p>We reduce curing and maturation times for cheeses and sausages<\/p>\t\t\t\t\t\t<\/div>\n\t\t\t\t<\/div>\n\t\t\t\t<\/div>\n\t\t<div class=\"elementor-element elementor-element-9d9881c e-con-full elementor-hidden-mobile e-flex e-con e-child\" data-id=\"9d9881c\" data-element_type=\"container\">\n\t\t\t\t<\/div>\n\t\t\t\t\t<\/div>\n\t\t\t\t<\/div>\n\t\t<div class=\"elementor-element elementor-element-491ca4d e-con-full e-flex e-con e-parent\" data-id=\"491ca4d\" data-element_type=\"container\">\n\t\t<div class=\"elementor-element elementor-element-b6aff22 e-con-full e-flex e-con e-child\" data-id=\"b6aff22\" data-element_type=\"container\">\n\t\t<div class=\"elementor-element elementor-element-255f941 e-con-full e-flex e-con e-child\" data-id=\"255f941\" data-element_type=\"container\">\n\t\t\t\t<div class=\"elementor-element elementor-element-3bbff58 elementor-widget elementor-widget-heading\" data-id=\"3bbff58\" data-element_type=\"widget\" data-widget_type=\"heading.default\">\n\t\t\t\t<div class=\"elementor-widget-container\">\n\t\t\t<h3 class=\"elementor-heading-title elementor-size-default\">Dairy industry<\/h3>\t\t<\/div>\n\t\t\t\t<\/div>\n\t\t\t\t<div class=\"elementor-element elementor-element-90eb1c3 elementor-widget elementor-widget-text-editor\" data-id=\"90eb1c3\" data-element_type=\"widget\" data-widget_type=\"text-editor.default\">\n\t\t\t\t<div class=\"elementor-widget-container\">\n\t\t\t\t\t\t\t<p>Our ingredient allows accelerated cheese curing, thus reducing production costs. In addition, it stimulates the production of compounds that add great depth to the flavors, making them unique products with a great differentiation from the rest of those that can be found in the market.<\/p>\t\t\t\t\t\t<\/div>\n\t\t\t\t<\/div>\n\t\t\t\t<\/div>\n\t\t\t\t<div class=\"elementor-element elementor-element-f4d873f elementor-invisible elementor-widget elementor-widget-image\" data-id=\"f4d873f\" data-element_type=\"widget\" data-settings=\"{&quot;_animation&quot;:&quot;fadeIn&quot;}\" data-widget_type=\"image.default\">\n\t\t\t\t<div class=\"elementor-widget-container\">\n\t\t\t<style>\/*! elementor - v3.23.0 - 15-07-2024 *\/\n.elementor-widget-image{text-align:center}.elementor-widget-image a{display:inline-block}.elementor-widget-image a img[src$=\".svg\"]{width:48px}.elementor-widget-image img{vertical-align:middle;display:inline-block}<\/style>\t\t\t\t\t\t\t\t\t\t<img fetchpriority=\"high\" decoding=\"async\" width=\"757\" height=\"599\" src=\"https:\/\/staging.enzicas.com\/wp-content\/uploads\/2024\/07\/image-7-2.png\" class=\"attachment-large size-large wp-image-271\" alt=\"Sector l\u00e1cteo\" srcset=\"https:\/\/staging.enzicas.com\/wp-content\/uploads\/2024\/07\/image-7-2.png 757w, https:\/\/staging.enzicas.com\/wp-content\/uploads\/2024\/07\/image-7-2-300x237.png 300w\" sizes=\"(max-width: 757px) 100vw, 757px\" \/>\t\t\t\t\t\t\t\t\t\t\t\t\t<\/div>\n\t\t\t\t<\/div>\n\t\t\t\t<\/div>\n\t\t<div class=\"elementor-element elementor-element-b5dc527 e-con-full e-flex e-con e-child\" data-id=\"b5dc527\" data-element_type=\"container\">\n\t\t<div class=\"elementor-element elementor-element-8eec4ad e-con-full e-flex e-con e-child\" data-id=\"8eec4ad\" data-element_type=\"container\">\n\t\t\t\t<div class=\"elementor-element elementor-element-d331528 elementor-widget elementor-widget-heading\" data-id=\"d331528\" data-element_type=\"widget\" data-widget_type=\"heading.default\">\n\t\t\t\t<div class=\"elementor-widget-container\">\n\t\t\t<h3 class=\"elementor-heading-title elementor-size-default\">Meat sector<\/h3>\t\t<\/div>\n\t\t\t\t<\/div>\n\t\t\t\t<div class=\"elementor-element elementor-element-38a30cd elementor-widget elementor-widget-text-editor\" data-id=\"38a30cd\" data-element_type=\"widget\" data-widget_type=\"text-editor.default\">\n\t\t\t\t<div class=\"elementor-widget-container\">\n\t\t\t\t\t\t\t<p>The ingredient we have developed significantly accelerates the maturation of sausages. This reduction in maturation times allows for greater efficiency in production processes and energy savings. In addition, we are able to enhance the flavors of the sausages.<\/p>\t\t\t\t\t\t<\/div>\n\t\t\t\t<\/div>\n\t\t\t\t<\/div>\n\t\t\t\t<div class=\"elementor-element elementor-element-1afbcd7 elementor-invisible elementor-widget elementor-widget-image\" data-id=\"1afbcd7\" data-element_type=\"widget\" data-settings=\"{&quot;_animation&quot;:&quot;fadeIn&quot;}\" data-widget_type=\"image.default\">\n\t\t\t\t<div class=\"elementor-widget-container\">\n\t\t\t\t\t\t\t\t\t\t\t\t\t<img decoding=\"async\" width=\"757\" height=\"599\" src=\"https:\/\/staging.enzicas.com\/wp-content\/uploads\/2024\/07\/image-11.png\" class=\"attachment-large size-large wp-image-272\" alt=\"Sector c\u00e1rnico\" srcset=\"https:\/\/staging.enzicas.com\/wp-content\/uploads\/2024\/07\/image-11.png 757w, https:\/\/staging.enzicas.com\/wp-content\/uploads\/2024\/07\/image-11-300x237.png 300w\" sizes=\"(max-width: 757px) 100vw, 757px\" \/>\t\t\t\t\t\t\t\t\t\t\t\t\t<\/div>\n\t\t\t\t<\/div>\n\t\t\t\t<\/div>\n\t\t\t\t<\/div>\n\t\t<div class=\"elementor-element elementor-element-b225a32 e-flex e-con-boxed e-con e-parent\" data-id=\"b225a32\" data-element_type=\"container\">\n\t\t\t\t\t<div class=\"e-con-inner\">\n\t\t<div class=\"elementor-element elementor-element-199fe66 e-con-full e-flex e-con e-child\" data-id=\"199fe66\" data-element_type=\"container\">\n\t\t\t\t<div class=\"elementor-element elementor-element-4bcdffc elementor-widget elementor-widget-heading\" data-id=\"4bcdffc\" data-element_type=\"widget\" data-widget_type=\"heading.default\">\n\t\t\t\t<div class=\"elementor-widget-container\">\n\t\t\t<h2 class=\"elementor-heading-title elementor-size-default\">Other<br>sectors<\/h2>\t\t<\/div>\n\t\t\t\t<\/div>\n\t\t\t\t<\/div>\n\t\t<div class=\"elementor-element elementor-element-69286ba e-con-full e-flex e-con e-child\" data-id=\"69286ba\" data-element_type=\"container\">\n\t\t<div class=\"elementor-element elementor-element-ca9f3c4 e-con-full e-flex e-con e-child\" data-id=\"ca9f3c4\" data-element_type=\"container\">\n\t\t\t\t<div class=\"elementor-element elementor-element-7c7c421 elementor-widget elementor-widget-heading\" data-id=\"7c7c421\" data-element_type=\"widget\" data-widget_type=\"heading.default\">\n\t\t\t\t<div class=\"elementor-widget-container\">\n\t\t\t<h3 class=\"elementor-heading-title elementor-size-default\">Beverages<\/h3>\t\t<\/div>\n\t\t\t\t<\/div>\n\t\t\t\t<div class=\"elementor-element elementor-element-b7c9d74 elementor-widget elementor-widget-text-editor\" data-id=\"b7c9d74\" data-element_type=\"widget\" data-widget_type=\"text-editor.default\">\n\t\t\t\t<div class=\"elementor-widget-container\">\n\t\t\t\t\t\t\t<p>Enzicas enzyme solution can be applied to the fermentation of beers, accelerating the extraction of available sugars from the grains and the stability of the final product. This process will not only accelerate production, but will also enhance aromas and flavors, offering brewers the ability to create beverages with more complex and nuanced profiles, while maintaining the naturalness and quality demanded by today&#8217;s consumers.<\/p>\t\t\t\t\t\t<\/div>\n\t\t\t\t<\/div>\n\t\t\t\t<div class=\"elementor-element elementor-element-b3bf10f elementor-invisible elementor-widget elementor-widget-image\" data-id=\"b3bf10f\" data-element_type=\"widget\" data-settings=\"{&quot;_animation&quot;:&quot;fadeIn&quot;}\" data-widget_type=\"image.default\">\n\t\t\t\t<div class=\"elementor-widget-container\">\n\t\t\t\t\t\t\t\t\t\t\t\t\t<img decoding=\"async\" width=\"757\" height=\"600\" src=\"https:\/\/staging.enzicas.com\/wp-content\/uploads\/2024\/07\/bebidas-texture.webp\" class=\"attachment-large size-large wp-image-1133\" alt=\"\" srcset=\"https:\/\/staging.enzicas.com\/wp-content\/uploads\/2024\/07\/bebidas-texture.webp 757w, https:\/\/staging.enzicas.com\/wp-content\/uploads\/2024\/07\/bebidas-texture-300x238.webp 300w\" sizes=\"(max-width: 757px) 100vw, 757px\" \/>\t\t\t\t\t\t\t\t\t\t\t\t\t<\/div>\n\t\t\t\t<\/div>\n\t\t\t\t<\/div>\n\t\t<div class=\"elementor-element elementor-element-f14002d e-con-full e-flex e-con e-child\" data-id=\"f14002d\" data-element_type=\"container\">\n\t\t\t\t<div class=\"elementor-element elementor-element-65ed2d2 elementor-widget elementor-widget-heading\" data-id=\"65ed2d2\" data-element_type=\"widget\" data-widget_type=\"heading.default\">\n\t\t\t\t<div class=\"elementor-widget-container\">\n\t\t\t<h3 class=\"elementor-heading-title elementor-size-default\">Bakery and pastry<\/h3>\t\t<\/div>\n\t\t\t\t<\/div>\n\t\t\t\t<div class=\"elementor-element elementor-element-59b4d09 elementor-widget elementor-widget-text-editor\" data-id=\"59b4d09\" data-element_type=\"widget\" data-widget_type=\"text-editor.default\">\n\t\t\t\t<div class=\"elementor-widget-container\">\n\t\t\t\t\t\t\t<p>Enzicas biocatalyst can improve dough fermentation, resulting in final products with better texture, volume and flavor. This innovation would not only facilitate a more controlled and efficient fermentation process, but would also contribute to prolonging the freshness of bread and pastries, increasing consumer satisfaction and extending the shelf life of the remaining products.<\/p>\t\t\t\t\t\t<\/div>\n\t\t\t\t<\/div>\n\t\t\t\t<div class=\"elementor-element elementor-element-54a6dec elementor-invisible elementor-widget elementor-widget-image\" data-id=\"54a6dec\" data-element_type=\"widget\" data-settings=\"{&quot;_animation&quot;:&quot;fadeIn&quot;}\" data-widget_type=\"image.default\">\n\t\t\t\t<div class=\"elementor-widget-container\">\n\t\t\t\t\t\t\t\t\t\t\t\t\t<img loading=\"lazy\" decoding=\"async\" width=\"757\" height=\"600\" src=\"https:\/\/staging.enzicas.com\/wp-content\/uploads\/2024\/07\/image-12-1.png\" class=\"attachment-large size-large wp-image-274\" alt=\"\" srcset=\"https:\/\/staging.enzicas.com\/wp-content\/uploads\/2024\/07\/image-12-1.png 757w, https:\/\/staging.enzicas.com\/wp-content\/uploads\/2024\/07\/image-12-1-300x238.png 300w\" sizes=\"(max-width: 757px) 100vw, 757px\" \/>\t\t\t\t\t\t\t\t\t\t\t\t\t<\/div>\n\t\t\t\t<\/div>\n\t\t\t\t<\/div>\n\t\t\t\t<\/div>\n\t\t\t\t\t<\/div>\n\t\t\t\t<\/div>\n\t\t\t\t<\/div>\n\t\t","protected":false},"excerpt":{"rendered":"<div class=\"entry-summary\">\nApplications We reduce curing and maturation times for cheeses and sausages Dairy industry Our ingredient allows accelerated cheese curing, thus reducing production costs. In addition, it stimulates the production of compounds that add great depth to the flavors, making them&hellip;\n<\/div>\n<div class=\"link-more\"><a href=\"https:\/\/staging.enzicas.com\/en\/aplicaciones\/\" class=\"more-link\">Continue reading<span class=\"screen-reader-text\"> &ldquo;Applications&rdquo;<\/span>&hellip;<\/a><\/div>\n","protected":false},"author":1,"featured_media":0,"parent":0,"menu_order":0,"comment_status":"closed","ping_status":"closed","template":"templates\/no-intro.php","meta":{"footnotes":""},"class_list":["post-1816","page","type-page","status-publish","hentry","entry"],"yoast_head":"<!-- This site is optimized with the Yoast SEO plugin v23.0 - https:\/\/yoast.com\/wordpress\/plugins\/seo\/ -->\n<title>Applications | Enzicas<\/title>\n<meta name=\"description\" content=\"Creamos biocatalizadores \u00fanicos. Descubre c\u00f3mo reducimos los tiempos de curaci\u00f3n y maduraci\u00f3n en quesos y embutidos.\" \/>\n<meta name=\"robots\" content=\"index, follow, max-snippet:-1, max-image-preview:large, max-video-preview:-1\" \/>\n<link rel=\"canonical\" href=\"https:\/\/staging.enzicas.com\/aplicaciones\/\" \/>\n<meta property=\"og:locale\" content=\"en_US\" \/>\n<meta property=\"og:type\" content=\"article\" \/>\n<meta property=\"og:title\" content=\"Aplicaciones\" \/>\n<meta property=\"og:description\" content=\"Creamos biocatalizadores \u00fanicos. Descubre c\u00f3mo reducimos los tiempos de curaci\u00f3n y maduraci\u00f3n en quesos y embutidos.\" \/>\n<meta property=\"og:url\" content=\"https:\/\/staging.enzicas.com\/aplicaciones\/\" \/>\n<meta property=\"og:site_name\" content=\"Enzicas\" \/>\n<meta property=\"article:modified_time\" content=\"2024-07-22T11:01:00+00:00\" \/>\n<meta property=\"og:image\" content=\"https:\/\/staging.enzicas.com\/wp-content\/uploads\/2024\/07\/chestnut-bg.webp\" \/>\n\t<meta property=\"og:image:width\" content=\"1731\" \/>\n\t<meta property=\"og:image:height\" content=\"1117\" \/>\n\t<meta property=\"og:image:type\" content=\"image\/webp\" \/>\n<meta name=\"twitter:card\" content=\"summary_large_image\" \/>\n<meta name=\"twitter:title\" content=\"Aplicaciones\" \/>\n<meta name=\"twitter:description\" content=\"Creamos biocatalizadores \u00fanicos. Descubre c\u00f3mo reducimos los tiempos de curaci\u00f3n y maduraci\u00f3n en quesos y embutidos.\" \/>\n<meta name=\"twitter:image\" content=\"https:\/\/staging.enzicas.com\/wp-content\/uploads\/2024\/07\/chestnut-bg.webp\" \/>\n<meta name=\"twitter:label1\" content=\"Est. reading time\" \/>\n\t<meta name=\"twitter:data1\" content=\"2 minutes\" \/>\n<script type=\"application\/ld+json\" class=\"yoast-schema-graph\">{\"@context\":\"https:\/\/schema.org\",\"@graph\":[{\"@type\":\"WebPage\",\"@id\":\"https:\/\/staging.enzicas.com\/aplicaciones\/\",\"url\":\"https:\/\/staging.enzicas.com\/aplicaciones\/\",\"name\":\"Applications | Enzicas\",\"isPartOf\":{\"@id\":\"https:\/\/staging.enzicas.com\/en\/#website\"},\"primaryImageOfPage\":{\"@id\":\"https:\/\/staging.enzicas.com\/aplicaciones\/#primaryimage\"},\"image\":{\"@id\":\"https:\/\/staging.enzicas.com\/aplicaciones\/#primaryimage\"},\"thumbnailUrl\":\"https:\/\/beta.enzicas.com\/wp-content\/uploads\/2024\/07\/image-7-2.png\",\"datePublished\":\"2024-07-16T11:13:09+00:00\",\"dateModified\":\"2024-07-22T11:01:00+00:00\",\"description\":\"Creamos biocatalizadores \u00fanicos. Descubre c\u00f3mo reducimos los tiempos de curaci\u00f3n y maduraci\u00f3n en quesos y embutidos.\",\"breadcrumb\":{\"@id\":\"https:\/\/staging.enzicas.com\/aplicaciones\/#breadcrumb\"},\"inLanguage\":\"en-US\",\"potentialAction\":[{\"@type\":\"ReadAction\",\"target\":[\"https:\/\/staging.enzicas.com\/aplicaciones\/\"]}]},{\"@type\":\"ImageObject\",\"inLanguage\":\"en-US\",\"@id\":\"https:\/\/staging.enzicas.com\/aplicaciones\/#primaryimage\",\"url\":\"https:\/\/beta.enzicas.com\/wp-content\/uploads\/2024\/07\/image-7-2.png\",\"contentUrl\":\"https:\/\/beta.enzicas.com\/wp-content\/uploads\/2024\/07\/image-7-2.png\"},{\"@type\":\"BreadcrumbList\",\"@id\":\"https:\/\/staging.enzicas.com\/aplicaciones\/#breadcrumb\",\"itemListElement\":[{\"@type\":\"ListItem\",\"position\":1,\"name\":\"Portada\",\"item\":\"https:\/\/staging.enzicas.com\/\"},{\"@type\":\"ListItem\",\"position\":2,\"name\":\"Applications\"}]},{\"@type\":\"WebSite\",\"@id\":\"https:\/\/staging.enzicas.com\/en\/#website\",\"url\":\"https:\/\/staging.enzicas.com\/en\/\",\"name\":\"Enzicas\",\"description\":\"Creamos Biocatalizadores \u00danicos\",\"publisher\":{\"@id\":\"https:\/\/staging.enzicas.com\/en\/#organization\"},\"potentialAction\":[{\"@type\":\"SearchAction\",\"target\":{\"@type\":\"EntryPoint\",\"urlTemplate\":\"https:\/\/staging.enzicas.com\/en\/?s={search_term_string}\"},\"query-input\":\"required name=search_term_string\"}],\"inLanguage\":\"en-US\"},{\"@type\":\"Organization\",\"@id\":\"https:\/\/staging.enzicas.com\/en\/#organization\",\"name\":\"Enzicas\",\"url\":\"https:\/\/staging.enzicas.com\/en\/\",\"logo\":{\"@type\":\"ImageObject\",\"inLanguage\":\"en-US\",\"@id\":\"https:\/\/staging.enzicas.com\/en\/#\/schema\/logo\/image\/\",\"url\":\"https:\/\/staging.enzicas.com\/wp-content\/uploads\/2024\/07\/cropped-Vector.png\",\"contentUrl\":\"https:\/\/staging.enzicas.com\/wp-content\/uploads\/2024\/07\/cropped-Vector.png\",\"width\":856,\"height\":228,\"caption\":\"Enzicas\"},\"image\":{\"@id\":\"https:\/\/staging.enzicas.com\/en\/#\/schema\/logo\/image\/\"},\"sameAs\":[\"https:\/\/www.linkedin.com\/company\/enzicas\/\"]}]}<\/script>\n<!-- \/ Yoast SEO plugin. -->","yoast_head_json":{"title":"Applications | Enzicas","description":"Creamos biocatalizadores \u00fanicos. Descubre c\u00f3mo reducimos los tiempos de curaci\u00f3n y maduraci\u00f3n en quesos y embutidos.","robots":{"index":"index","follow":"follow","max-snippet":"max-snippet:-1","max-image-preview":"max-image-preview:large","max-video-preview":"max-video-preview:-1"},"canonical":"https:\/\/staging.enzicas.com\/aplicaciones\/","og_locale":"en_US","og_type":"article","og_title":"Aplicaciones","og_description":"Creamos biocatalizadores \u00fanicos. Descubre c\u00f3mo reducimos los tiempos de curaci\u00f3n y maduraci\u00f3n en quesos y embutidos.","og_url":"https:\/\/staging.enzicas.com\/aplicaciones\/","og_site_name":"Enzicas","article_modified_time":"2024-07-22T11:01:00+00:00","og_image":[{"width":1731,"height":1117,"url":"https:\/\/staging.enzicas.com\/wp-content\/uploads\/2024\/07\/chestnut-bg.webp","type":"image\/webp"}],"twitter_card":"summary_large_image","twitter_title":"Aplicaciones","twitter_description":"Creamos biocatalizadores \u00fanicos. Descubre c\u00f3mo reducimos los tiempos de curaci\u00f3n y maduraci\u00f3n en quesos y embutidos.","twitter_image":"https:\/\/staging.enzicas.com\/wp-content\/uploads\/2024\/07\/chestnut-bg.webp","twitter_misc":{"Est. reading time":"2 minutes"},"schema":{"@context":"https:\/\/schema.org","@graph":[{"@type":"WebPage","@id":"https:\/\/staging.enzicas.com\/aplicaciones\/","url":"https:\/\/staging.enzicas.com\/aplicaciones\/","name":"Applications | Enzicas","isPartOf":{"@id":"https:\/\/staging.enzicas.com\/en\/#website"},"primaryImageOfPage":{"@id":"https:\/\/staging.enzicas.com\/aplicaciones\/#primaryimage"},"image":{"@id":"https:\/\/staging.enzicas.com\/aplicaciones\/#primaryimage"},"thumbnailUrl":"https:\/\/beta.enzicas.com\/wp-content\/uploads\/2024\/07\/image-7-2.png","datePublished":"2024-07-16T11:13:09+00:00","dateModified":"2024-07-22T11:01:00+00:00","description":"Creamos biocatalizadores \u00fanicos. Descubre c\u00f3mo reducimos los tiempos de curaci\u00f3n y maduraci\u00f3n en quesos y embutidos.","breadcrumb":{"@id":"https:\/\/staging.enzicas.com\/aplicaciones\/#breadcrumb"},"inLanguage":"en-US","potentialAction":[{"@type":"ReadAction","target":["https:\/\/staging.enzicas.com\/aplicaciones\/"]}]},{"@type":"ImageObject","inLanguage":"en-US","@id":"https:\/\/staging.enzicas.com\/aplicaciones\/#primaryimage","url":"https:\/\/beta.enzicas.com\/wp-content\/uploads\/2024\/07\/image-7-2.png","contentUrl":"https:\/\/beta.enzicas.com\/wp-content\/uploads\/2024\/07\/image-7-2.png"},{"@type":"BreadcrumbList","@id":"https:\/\/staging.enzicas.com\/aplicaciones\/#breadcrumb","itemListElement":[{"@type":"ListItem","position":1,"name":"Portada","item":"https:\/\/staging.enzicas.com\/"},{"@type":"ListItem","position":2,"name":"Applications"}]},{"@type":"WebSite","@id":"https:\/\/staging.enzicas.com\/en\/#website","url":"https:\/\/staging.enzicas.com\/en\/","name":"Enzicas","description":"Creamos Biocatalizadores \u00danicos","publisher":{"@id":"https:\/\/staging.enzicas.com\/en\/#organization"},"potentialAction":[{"@type":"SearchAction","target":{"@type":"EntryPoint","urlTemplate":"https:\/\/staging.enzicas.com\/en\/?s={search_term_string}"},"query-input":"required name=search_term_string"}],"inLanguage":"en-US"},{"@type":"Organization","@id":"https:\/\/staging.enzicas.com\/en\/#organization","name":"Enzicas","url":"https:\/\/staging.enzicas.com\/en\/","logo":{"@type":"ImageObject","inLanguage":"en-US","@id":"https:\/\/staging.enzicas.com\/en\/#\/schema\/logo\/image\/","url":"https:\/\/staging.enzicas.com\/wp-content\/uploads\/2024\/07\/cropped-Vector.png","contentUrl":"https:\/\/staging.enzicas.com\/wp-content\/uploads\/2024\/07\/cropped-Vector.png","width":856,"height":228,"caption":"Enzicas"},"image":{"@id":"https:\/\/staging.enzicas.com\/en\/#\/schema\/logo\/image\/"},"sameAs":["https:\/\/www.linkedin.com\/company\/enzicas\/"]}]}},"_links":{"self":[{"href":"https:\/\/staging.enzicas.com\/en\/wp-json\/wp\/v2\/pages\/1816","targetHints":{"allow":["GET"]}}],"collection":[{"href":"https:\/\/staging.enzicas.com\/en\/wp-json\/wp\/v2\/pages"}],"about":[{"href":"https:\/\/staging.enzicas.com\/en\/wp-json\/wp\/v2\/types\/page"}],"author":[{"embeddable":true,"href":"https:\/\/staging.enzicas.com\/en\/wp-json\/wp\/v2\/users\/1"}],"replies":[{"embeddable":true,"href":"https:\/\/staging.enzicas.com\/en\/wp-json\/wp\/v2\/comments?post=1816"}],"version-history":[{"count":4,"href":"https:\/\/staging.enzicas.com\/en\/wp-json\/wp\/v2\/pages\/1816\/revisions"}],"predecessor-version":[{"id":1857,"href":"https:\/\/staging.enzicas.com\/en\/wp-json\/wp\/v2\/pages\/1816\/revisions\/1857"}],"wp:attachment":[{"href":"https:\/\/staging.enzicas.com\/en\/wp-json\/wp\/v2\/media?parent=1816"}],"curies":[{"name":"wp","href":"https:\/\/api.w.org\/{rel}","templated":true}]}}